{"id":33,"date":"2025-11-02T16:37:28","date_gmt":"2025-11-02T14:37:28","guid":{"rendered":"https:\/\/ministere-du-vrai-et-du-beau.com\/?page_id=33"},"modified":"2025-11-03T16:13:10","modified_gmt":"2025-11-03T14:13:10","slug":"ministere-du-vrai-et-du-beau","status":"publish","type":"page","link":"https:\/\/ministere-du-vrai-et-du-beau.com\/","title":{"rendered":"Minist\u00e8re du Vrai et du Beau"},"content":{"rendered":"\n<p><em>Le Ministre, R. Daneel Olivaw<\/em><\/p>\n\n\n\n<p>Le Minist\u00e8re du Vrai et du Beau est charg\u00e9 de commenter l\u2019actualit\u00e9 nationale comme internationale. Il ne dispose pas de budget, son personnel est tr\u00e8s r\u00e9duit.<\/p>\n\n\n\n<p>En cons\u00e9quence, les&nbsp;<strong>commentaires&nbsp;<\/strong>ne visent pas \u00e0 une revue exhaustive de tout ce qui se publie dans la presse. Le Minist\u00e8re ne prend pas en compte directement ce qui apparait sur les r\u00e9seaux sociaux mais peut en faire \u00e9tat.<\/p>\n\n\n\n<p class=\"has-border-color has-luminous-vivid-orange-border-color has-medium-font-size\"><strong>Fake fake news<\/strong><\/p>\n\n\n\n<p>Non, Candace Owens n\u2019a pas dit que Trump \u00e9tait un homme trans.<\/p>\n\n\n\n<p class=\"has-border-color has-vivid-cyan-blue-border-color\"><strong>National <\/strong><\/p>\n\n\n\n<figure class=\"wp-block-image size-large\"><img loading=\"lazy\" decoding=\"async\" width=\"1024\" height=\"756\" src=\"https:\/\/ministere-du-vrai-et-du-beau.com\/wp-content\/uploads\/2025\/11\/Capture-decran-.-2025-11-02-a-21.08.42-1024x756.jpeg\" alt=\"\" class=\"wp-image-42\" srcset=\"https:\/\/ministere-du-vrai-et-du-beau.com\/wp-content\/uploads\/2025\/11\/Capture-decran-.-2025-11-02-a-21.08.42-1024x756.jpeg 1024w, https:\/\/ministere-du-vrai-et-du-beau.com\/wp-content\/uploads\/2025\/11\/Capture-decran-.-2025-11-02-a-21.08.42-300x222.jpeg 300w, https:\/\/ministere-du-vrai-et-du-beau.com\/wp-content\/uploads\/2025\/11\/Capture-decran-.-2025-11-02-a-21.08.42-768x567.jpeg 768w, https:\/\/ministere-du-vrai-et-du-beau.com\/wp-content\/uploads\/2025\/11\/Capture-decran-.-2025-11-02-a-21.08.42.jpeg 1488w\" sizes=\"auto, (max-width: 1024px) 100vw, 1024px\" \/><\/figure>\n\n\n\n<p>Bardella ne mentionne pas l&rsquo;impunit\u00e9 des responsables politiques : Marine Le Pen, Sarkozy et bien d&rsquo;autres ont du souci \u00e0 se faire.<\/p>\n\n\n\n<p><\/p>\n","protected":false},"excerpt":{"rendered":"<p>Le Ministre, R. Daneel Olivaw Le Minist\u00e8re du Vrai et du Beau est charg\u00e9 de commenter l\u2019actualit\u00e9 nationale comme internationale. Il ne dispose pas de budget, son personnel est tr\u00e8s r\u00e9duit. En cons\u00e9quence, les&nbsp;commentaires&nbsp;ne visent pas \u00e0 une revue exhaustive de tout ce qui se publie dans la presse. Le Minist\u00e8re ne prend pas en [&hellip;]<\/p>\n","protected":false},"author":1,"featured_media":0,"parent":0,"menu_order":0,"comment_status":"closed","ping_status":"closed","template":"","meta":{"footnotes":""},"class_list":["post-33","page","type-page","status-publish","hentry"],"_links":{"self":[{"href":"https:\/\/ministere-du-vrai-et-du-beau.com\/index.php\/wp-json\/wp\/v2\/pages\/33","targetHints":{"allow":["GET"]}}],"collection":[{"href":"https:\/\/ministere-du-vrai-et-du-beau.com\/index.php\/wp-json\/wp\/v2\/pages"}],"about":[{"href":"https:\/\/ministere-du-vrai-et-du-beau.com\/index.php\/wp-json\/wp\/v2\/types\/page"}],"author":[{"embeddable":true,"href":"https:\/\/ministere-du-vrai-et-du-beau.com\/index.php\/wp-json\/wp\/v2\/users\/1"}],"replies":[{"embeddable":true,"href":"https:\/\/ministere-du-vrai-et-du-beau.com\/index.php\/wp-json\/wp\/v2\/comments?post=33"}],"version-history":[{"count":6,"href":"https:\/\/ministere-du-vrai-et-du-beau.com\/index.php\/wp-json\/wp\/v2\/pages\/33\/revisions"}],"predecessor-version":[{"id":45,"href":"https:\/\/ministere-du-vrai-et-du-beau.com\/index.php\/wp-json\/wp\/v2\/pages\/33\/revisions\/45"}],"wp:attachment":[{"href":"https:\/\/ministere-du-vrai-et-du-beau.com\/index.php\/wp-json\/wp\/v2\/media?parent=33"}],"curies":[{"name":"wp","href":"https:\/\/api.w.org\/{rel}","templated":true}]}}